{"id":2,"date":"2021-03-16T12:00:02","date_gmt":"2021-03-16T11:00:02","guid":{"rendered":"http:\/\/symbivita.cz\/rovnovaha-zivota\/?page_id=2"},"modified":"2021-03-24T08:34:09","modified_gmt":"2021-03-24T07:34:09","slug":"zkusebni-stranka","status":"publish","type":"page","link":"https:\/\/symbivita.cz\/rovnovaha-zivota\/zkusebni-stranka\/","title":{"rendered":"Kdo p\u00ed\u0161e"},"content":{"rendered":"\n<figure class=\"wp-block-image size-large\"><img loading=\"lazy\" decoding=\"async\" width=\"800\" height=\"376\" src=\"http:\/\/symbivita.cz\/rovnovaha-zivota\/wp-content\/uploads\/2021\/03\/tst2.jpg\" alt=\"\" class=\"wp-image-57\" srcset=\"https:\/\/symbivita.cz\/rovnovaha-zivota\/wp-content\/uploads\/2021\/03\/tst2.jpg 800w, https:\/\/symbivita.cz\/rovnovaha-zivota\/wp-content\/uploads\/2021\/03\/tst2-300x141.jpg 300w, https:\/\/symbivita.cz\/rovnovaha-zivota\/wp-content\/uploads\/2021\/03\/tst2-768x361.jpg 768w, https:\/\/symbivita.cz\/rovnovaha-zivota\/wp-content\/uploads\/2021\/03\/tst2-128x60.jpg 128w\" sizes=\"(max-width: 800px) 100vw, 800px\" \/><\/figure>\n\n\n\n<p class=\"has-background has-luminous-vivid-amber-background-color\">\u010clov\u011bk, kter\u00fd prosazuje rovnov\u00e1hu \u017eivota. Je autorem\nstejnojmenn\u00e9 publikace SYMBIVITA. M\u00e1 za sebou v\u00edce ne\u017e 30letou praxi\nv&nbsp;oboru pediatrie, alergologie a celostn\u00ed medic\u00edny, m\u00e1 n\u00e1hled tak\u00e9 do\noblasti duchovn\u00ed, v\u011b\u0159\u00ed Bohu a je k&nbsp;N\u011bmu obr\u00e1cen \u010delem. P\u00ed\u0161e blog, proto\u017ee\nby se r\u00e1d pod\u011blil o sv\u00e9 zku\u0161enosti, a to nejen v&nbsp;oblasti medic\u00ednsk\u00e9. Pokud\nexistuje n\u011bjak\u00fd probl\u00e9m, kter\u00fd zd\u00e1nliv\u011b nem\u00e1 \u0159e\u0161en\u00ed, sna\u017e\u00ed se uk\u00e1zat jin\u00fd\npohled na probl\u00e9movou situaci, jin\u00e9 mo\u017enosti k&nbsp;nastaven\u00ed SYMBIVITY &#8211; rovnov\u00e1hy\n\u017eivota.<\/p>\n\n\n\n<p>MUDr. P. \u0160\u00e1cha<\/p>\n\n\n\n<p><\/p>\n","protected":false},"excerpt":{"rendered":"<p>\u010clov\u011bk, kter\u00fd prosazuje rovnov\u00e1hu \u017eivota. Je autorem stejnojmenn\u00e9 publikace SYMBIVITA. M\u00e1 za sebou v\u00edce ne\u017e 30letou praxi v&nbsp;oboru pediatrie, alergologie a celostn\u00ed medic\u00edny, m\u00e1 n\u00e1hled tak\u00e9 do oblasti duchovn\u00ed, v\u011b\u0159\u00ed Bohu a je k&nbsp;N\u011bmu obr\u00e1cen \u010delem. P\u00ed\u0161e blog, proto\u017ee by se r\u00e1d pod\u011blil o sv\u00e9 zku\u0161enosti, a to nejen v&nbsp;oblasti medic\u00ednsk\u00e9. Pokud existuje n\u011bjak\u00fd probl\u00e9m, &hellip; <\/p>\n","protected":false},"author":1,"featured_media":0,"parent":0,"menu_order":0,"comment_status":"closed","ping_status":"open","template":"","meta":{"footnotes":""},"_links":{"self":[{"href":"https:\/\/symbivita.cz\/rovnovaha-zivota\/wp-json\/wp\/v2\/pages\/2"}],"collection":[{"href":"https:\/\/symbivita.cz\/rovnovaha-zivota\/wp-json\/wp\/v2\/pages"}],"about":[{"href":"https:\/\/symbivita.cz\/rovnovaha-zivota\/wp-json\/wp\/v2\/types\/page"}],"author":[{"embeddable":true,"href":"https:\/\/symbivita.cz\/rovnovaha-zivota\/wp-json\/wp\/v2\/users\/1"}],"replies":[{"embeddable":true,"href":"https:\/\/symbivita.cz\/rovnovaha-zivota\/wp-json\/wp\/v2\/comments?post=2"}],"version-history":[{"count":3,"href":"https:\/\/symbivita.cz\/rovnovaha-zivota\/wp-json\/wp\/v2\/pages\/2\/revisions"}],"predecessor-version":[{"id":86,"href":"https:\/\/symbivita.cz\/rovnovaha-zivota\/wp-json\/wp\/v2\/pages\/2\/revisions\/86"}],"wp:attachment":[{"href":"https:\/\/symbivita.cz\/rovnovaha-zivota\/wp-json\/wp\/v2\/media?parent=2"}],"curies":[{"name":"wp","href":"https:\/\/api.w.org\/{rel}","templated":true}]}}