{"id":24,"date":"2021-05-24T17:22:30","date_gmt":"2021-05-24T15:22:30","guid":{"rendered":"http:\/\/symbivita.cz\/paolli\/?page_id=24"},"modified":"2023-11-13T12:16:28","modified_gmt":"2023-11-13T11:16:28","slug":"kdo-pise","status":"publish","type":"page","link":"https:\/\/symbivita.cz\/paolli\/kdo-pise\/","title":{"rendered":"Akt\u00e9\u0159i"},"content":{"rendered":"\n<figure class=\"wp-block-image size-large\"><img loading=\"lazy\" decoding=\"async\" width=\"568\" height=\"424\" src=\"https:\/\/symbivita.cz\/paolli\/wp-content\/uploads\/2021\/08\/Nau\u010dn\u00fd-koncert-4-1.jpg\" alt=\"\" class=\"wp-image-352\" srcset=\"https:\/\/symbivita.cz\/paolli\/wp-content\/uploads\/2021\/08\/Nau\u010dn\u00fd-koncert-4-1.jpg 568w, https:\/\/symbivita.cz\/paolli\/wp-content\/uploads\/2021\/08\/Nau\u010dn\u00fd-koncert-4-1-300x224.jpg 300w, https:\/\/symbivita.cz\/paolli\/wp-content\/uploads\/2021\/08\/Nau\u010dn\u00fd-koncert-4-1-80x60.jpg 80w\" sizes=\"(max-width: 568px) 100vw, 568px\" \/><figcaption>Pavel &#8211; mana\u017eer a p\u0159edn\u00e1\u0161ky.<\/figcaption><\/figure>\n","protected":false},"excerpt":{"rendered":"","protected":false},"author":1,"featured_media":34,"parent":0,"menu_order":0,"comment_status":"closed","ping_status":"closed","template":"","meta":{"footnotes":""},"_links":{"self":[{"href":"https:\/\/symbivita.cz\/paolli\/wp-json\/wp\/v2\/pages\/24"}],"collection":[{"href":"https:\/\/symbivita.cz\/paolli\/wp-json\/wp\/v2\/pages"}],"about":[{"href":"https:\/\/symbivita.cz\/paolli\/wp-json\/wp\/v2\/types\/page"}],"author":[{"embeddable":true,"href":"https:\/\/symbivita.cz\/paolli\/wp-json\/wp\/v2\/users\/1"}],"replies":[{"embeddable":true,"href":"https:\/\/symbivita.cz\/paolli\/wp-json\/wp\/v2\/comments?post=24"}],"version-history":[{"count":6,"href":"https:\/\/symbivita.cz\/paolli\/wp-json\/wp\/v2\/pages\/24\/revisions"}],"predecessor-version":[{"id":1052,"href":"https:\/\/symbivita.cz\/paolli\/wp-json\/wp\/v2\/pages\/24\/revisions\/1052"}],"wp:featuredmedia":[{"embeddable":true,"href":"https:\/\/symbivita.cz\/paolli\/wp-json\/wp\/v2\/media\/34"}],"wp:attachment":[{"href":"https:\/\/symbivita.cz\/paolli\/wp-json\/wp\/v2\/media?parent=24"}],"curies":[{"name":"wp","href":"https:\/\/api.w.org\/{rel}","templated":true}]}}