{"id":13,"date":"2020-01-29T10:36:37","date_gmt":"2020-01-29T09:36:37","guid":{"rendered":"http:\/\/symbivita.cz\/blog\/?page_id=13"},"modified":"2020-03-23T16:28:20","modified_gmt":"2020-03-23T15:28:20","slug":"kniha-o-historii-nikolcic","status":"publish","type":"page","link":"https:\/\/symbivita.cz\/blog\/kniha-o-historii-nikolcic\/","title":{"rendered":"Historie Nikol\u010dic"},"content":{"rendered":"\n<p>\u00davodn\u00ed slovo ke zpracovan\u00fdch text\u016fm a kapitol\u00e1m&#8230;<\/p>\n\n\n\n<p>V\u00fdpis v\u0161ech kapitol naleznete <strong><a href=\"http:\/\/symbivita.cz\/blog\/category\/historie-nikolcic\/\">zde<\/a><\/strong><\/p>\n","protected":false},"excerpt":{"rendered":"<p>\u00davodn\u00ed slovo ke zpracovan\u00fdch text\u016fm a kapitol\u00e1m&#8230; V\u00fdpis v\u0161ech kapitol naleznete zde<\/p>\n","protected":false},"author":1,"featured_media":0,"parent":0,"menu_order":0,"comment_status":"closed","ping_status":"closed","template":"","meta":{"footnotes":""},"_links":{"self":[{"href":"https:\/\/symbivita.cz\/blog\/wp-json\/wp\/v2\/pages\/13"}],"collection":[{"href":"https:\/\/symbivita.cz\/blog\/wp-json\/wp\/v2\/pages"}],"about":[{"href":"https:\/\/symbivita.cz\/blog\/wp-json\/wp\/v2\/types\/page"}],"author":[{"embeddable":true,"href":"https:\/\/symbivita.cz\/blog\/wp-json\/wp\/v2\/users\/1"}],"replies":[{"embeddable":true,"href":"https:\/\/symbivita.cz\/blog\/wp-json\/wp\/v2\/comments?post=13"}],"version-history":[{"count":5,"href":"https:\/\/symbivita.cz\/blog\/wp-json\/wp\/v2\/pages\/13\/revisions"}],"predecessor-version":[{"id":42,"href":"https:\/\/symbivita.cz\/blog\/wp-json\/wp\/v2\/pages\/13\/revisions\/42"}],"wp:attachment":[{"href":"https:\/\/symbivita.cz\/blog\/wp-json\/wp\/v2\/media?parent=13"}],"curies":[{"name":"wp","href":"https:\/\/api.w.org\/{rel}","templated":true}]}}